{"id":78,"date":"2019-06-30T15:14:27","date_gmt":"2019-06-30T13:14:27","guid":{"rendered":"http:\/\/localhost\/wordpress\/?page_id=78"},"modified":"2019-09-13T06:47:15","modified_gmt":"2019-09-13T06:47:15","slug":"rueckengesundheit","status":"publish","type":"page","link":"https:\/\/www.emotion-gesundheitsworkshops.de\/wordpress\/rueckengesundheit\/","title":{"rendered":"R\u00fcckengesundheit"},"content":{"rendered":"\n<p><strong>R\u00fcckenprobleme sind schon fast allgegenw\u00e4rtig geworden.<\/strong> <\/p>\n\n\n\n<p>Sie verursachen f\u00fcr die Betroffenen und ihre Angeh\u00f6rigen viel Leid und f\u00fcr unser Gesundheitssystem enorme Kosten &#8211; \u00fcber 50 Milliarden Euro im Jahr 2016.<br>R\u00fcckenschmerzen sind oft vermeidbar und meistens reversibel &#8211; konservativ.<br><\/p>\n\n\n\n<p>In Kursen, Seminaren und Vortr\u00e4gen setze ich mich gerne f\u00fcr Ihre R\u00fcckengesundheit ein, so wie derzeit im Sportpark der Siemens AG in Erlangen und f\u00fcr die Berufsgenossenschaft BGETEM in Dresden.<\/p>\n\n\n\n<div style=\"height:100px\" aria-hidden=\"true\" class=\"wp-block-spacer\"><\/div>\n\n\n\n<h3 class=\"wp-block-heading\"> Siemens Erlangen <\/h3>\n\n\n\n<div style=\"height:20px\" aria-hidden=\"true\" class=\"wp-block-spacer\"><\/div>\n\n\n\n<p><strong>R\u00fcckengesundheit im Gesundheitsport<\/strong><\/p>\n\n\n\n<p>Bewegung ist nicht der einzige aber der zentrrale Schl\u00fcssel zur R\u00fcckengesundheit.<strong>&nbsp;Taiji<\/strong>&nbsp;und&nbsp;<strong>Qi Gong<\/strong>&nbsp;sind einige gute Angebote, sich physiologisch zu bewegen und neben der R\u00fcckengesundheit auch das Gesamtwohlbefinden zu verbessern.<\/p>\n\n\n\n<p>In der&nbsp;<strong>Gesundheitstrainingsnachbetreuung<\/strong>&nbsp;f\u00fchre ich Bewegungsangebote f\u00fcr die Siemensmitarbeiter\/Innen durch, die ein Gesundheitstraining (Herz-Kreislauf-Kur) absolviert haben. Sie sollen es besser schaffen, Bewegung in Ihren Lebensplan zu integrieren. Hier ist auch &#8222;der R\u00fccken&#8220; ein wichtiges Thema.<\/p>\n\n\n\n<p>Im<strong>&nbsp;Pr\u00e4ventiven Muskeltraining<\/strong>&nbsp;bieten wir den Klienten gezielte \u00dcbungen mit und ohne Ger\u00e4te, die Ihre Muskuloskelettalen Beschwerden lindern helfen. Selbstredend ist bei &#8222;Sitzberuflern&#8220; auch &#8222;der R\u00fccken&#8220; ein zentrales Thema. Wir wollen die Menschen dabei unterst\u00fctzen, wieder aktiv am Sportgeschehen beteiligt sein zu k\u00f6nnen.<\/p>\n\n\n\n<ul><li><strong>Qi Gong:&nbsp;<\/strong>Mi 18-19 Uhr, Do 19-20 Uhr<\/li><li><strong>Taiji:&nbsp;<\/strong>Mo 17-18 Uhr, Mi 17-18 Uhr, Do 18-19 Uhr<\/li><li><strong>Pr\u00e4ventives Muskeltraining:&nbsp;<\/strong>&nbsp;Mo 18-19:30 Uhr, Mi 19-20 Uhr&nbsp;<\/li><\/ul>\n\n\n\n<div style=\"height:100px\" aria-hidden=\"true\" class=\"wp-block-spacer\"><\/div>\n\n\n\n<h3 class=\"wp-block-heading\">BGETEM Dresden <\/h3>\n\n\n\n<div style=\"height:20px\" aria-hidden=\"true\" class=\"wp-block-spacer\"><\/div>\n\n\n\n<p><strong>Die R\u00fcckengesundheit in die Hand nehmen &#8211; R\u00fcckenproblemen aktiv begegnen!<\/strong><\/p>\n\n\n\n<p><strong>Seminarziel<\/strong><em>:<\/em><br><em><br><\/em>Die Teilnehmer sollen durch die aktive Auseinadersetzung mit der eigenen R\u00fcckengesundheit nach dem Seminarbesuch in der Lage sein,<\/p>\n\n\n\n<ul><li>im Betrieb und Alltag \u201eR\u00fcckengesundes\u201c und \u201eR\u00fcckensch\u00e4dliches\u201c sicher zu differenzieren und<\/li><li>konkrete verh\u00e4ltnis- und verhaltenspr\u00e4ventive Ver\u00e4nderungen durchzuf\u00fchren<\/li><\/ul>\n\n\n\n<p><strong>Seminarinhalte<\/strong>:<\/p>\n\n\n\n<ul><li>Epidemiologie \u2013 Fakten zu R\u00fcckenschmerzen in Deutschland,<\/li><li>Gesundheit braucht Bewegung: Anatomie und (Patho-)Physiologie der Wirbels\u00e4ule<\/li><li>Aktivit\u00e4t &#8211; Der Schmerzchronifizierung entgegenwirken \u2013 was ist \u201eR\u00fccken-gesund\u201c?<\/li><li>R\u00fcckenschmerz und Psyche &#8211; auch Entspannung kann man lernen<\/li><li>Die \u201emoderne R\u00fcckenschule\u201c: Ergonomie and more<\/li><li>Eigenrealisation: Wirbels\u00e4ulengymnastik, R\u00fcckentraining, Walking, Yoga, Qi Gong und R\u00fcckenparcours im Alltag 1 + 2, Training mit dem Theraband und diversen Kleinger\u00e4ten<\/li><\/ul>\n\n\n\n<p><strong>Zielgruppe:<\/strong><br><br>F\u00fchrungskr\u00e4fte, Fachkr\u00e4fte f\u00fcr Arbeitssicherheit, Sicherheitsbeauftragte, Betriebs- und Personalr\u00e4te, alle, die ihren Alltag im B\u00fcro sicher und gesund meistern wollen.<\/p>\n","protected":false},"excerpt":{"rendered":"<p>R\u00fcckenprobleme sind schon fast allgegenw\u00e4rtig geworden. Sie verursachen f\u00fcr die Betroffenen und ihre Angeh\u00f6rigen viel Leid und f\u00fcr unser Gesundheitssystem enorme Kosten &#8211; \u00fcber 50 Milliarden Euro im Jahr 2016.R\u00fcckenschmerzen sind oft vermeidbar und meistens reversibel &#8211; konservativ. In Kursen, Seminaren und Vortr\u00e4gen setze ich mich gerne f\u00fcr Ihre R\u00fcckengesundheit ein, so wie derzeit im [&hellip;]<\/p>\n","protected":false},"author":1,"featured_media":303,"parent":0,"menu_order":0,"comment_status":"closed","ping_status":"closed","template":"","meta":{"footnotes":""},"_links":{"self":[{"href":"https:\/\/www.emotion-gesundheitsworkshops.de\/wordpress\/wp-json\/wp\/v2\/pages\/78"}],"collection":[{"href":"https:\/\/www.emotion-gesundheitsworkshops.de\/wordpress\/wp-json\/wp\/v2\/pages"}],"about":[{"href":"https:\/\/www.emotion-gesundheitsworkshops.de\/wordpress\/wp-json\/wp\/v2\/types\/page"}],"author":[{"embeddable":true,"href":"https:\/\/www.emotion-gesundheitsworkshops.de\/wordpress\/wp-json\/wp\/v2\/users\/1"}],"replies":[{"embeddable":true,"href":"https:\/\/www.emotion-gesundheitsworkshops.de\/wordpress\/wp-json\/wp\/v2\/comments?post=78"}],"version-history":[{"count":19,"href":"https:\/\/www.emotion-gesundheitsworkshops.de\/wordpress\/wp-json\/wp\/v2\/pages\/78\/revisions"}],"predecessor-version":[{"id":346,"href":"https:\/\/www.emotion-gesundheitsworkshops.de\/wordpress\/wp-json\/wp\/v2\/pages\/78\/revisions\/346"}],"wp:featuredmedia":[{"embeddable":true,"href":"https:\/\/www.emotion-gesundheitsworkshops.de\/wordpress\/wp-json\/wp\/v2\/media\/303"}],"wp:attachment":[{"href":"https:\/\/www.emotion-gesundheitsworkshops.de\/wordpress\/wp-json\/wp\/v2\/media?parent=78"}],"curies":[{"name":"wp","href":"https:\/\/api.w.org\/{rel}","templated":true}]}}