{"id":40,"date":"2019-06-28T20:18:32","date_gmt":"2019-06-28T18:18:32","guid":{"rendered":"http:\/\/localhost\/wordpress\/?page_id=40"},"modified":"2019-09-12T14:18:21","modified_gmt":"2019-09-12T14:18:21","slug":"beruflicher-werdegang","status":"publish","type":"page","link":"https:\/\/www.emotion-gesundheitsworkshops.de\/wordpress\/beruflicher-werdegang\/","title":{"rendered":"Beruflicher Werdegang"},"content":{"rendered":"\n<h3 class=\"wp-block-heading\"><strong>Aktuelle berufliche T\u00e4tigkeiten:<\/strong><\/h3>\n\n\n\n<ul><li>Heilpraktiker (seit 2014)<\/li><li> Lehrbeauftragter an der Uni Erlangen (Massageschule, seit 1989)<\/li><li> Lehrbeauftragter im Siemens Betriebssport Erlangen (seit 1990)<\/li><li> Lehrbeauftragter bei der BG Elektro, Textil, Feinmechanik in Dresden (seit 2007)<\/li><\/ul>\n\n\n\n<h3 class=\"wp-block-heading\"><strong>Beruflicher Werdegang:<\/strong><\/h3>\n\n\n\n<ul><li>Heilpraktikerausbildung<\/li><li> Medizinisches Tapen-Ausbildung<\/li><li> Osteopathie-Ausbildung<\/li><li> Neuraltherapie-Ausbildung<\/li><li> Akupunktur-Ausbildung<\/li><li> Sportlehrer (LA Gymnasien) und Sporttherapeut<\/li><li> R\u00fcckenschulleiter, Osteoporosekursleiter<\/li><li> Taijilehrer und Qi Gong Lehrer<\/li><li> Therapeut f\u00fcr Medizinische Trainingstherapie<\/li><li> NMT Therapeut (Neuromuskul\u00e4re Therapie)<\/li><li> langj\u00e4hrige Lehrt\u00e4tigkeit in Krankengymnastikschulen<\/li><li> langj\u00e4hrige Lehrt\u00e4tigkeit im Bayerischen und im Deutschen Karateverband<\/li><li> Entwicklung des TheraTrain-Konzepts der Medizinischen Trainingstherapie<\/li><li> langj\u00e4hrige Lehrt\u00e4tigkeit im Deutschen Verband f\u00fcr Gesundheitssport und Sporttherapie DVGS<\/li><li> langj\u00e4hrige Lehrt\u00e4tigkeit im Berufskolleg Waldenburg<\/li><li> langj\u00e4hrige Lehrt\u00e4tigkeit in der Rheuma-Liga Baden W\u00fcrttemberg<\/li><li> Lehrbeauftragter an der Uni Erlangen (Massageschule)<\/li><li> Lehrbeauftragter im Siemens Betriebssport Erlangen<\/li><li> Lehrbeauftragter bei der BG Elektro, Textil, Feinmechanik in Dresden<\/li><li> Taijiquan seit 1990, Qi Gong seit 1994, zertifiziert vom Dachverband<\/li><li> Karate seit 1972, 4. Dan SOK, B-Pr\u00fcfer-Lizenz<\/li><\/ul>\n\n\n\n<h3 class=\"wp-block-heading\"><strong>Gr\u00fcnder und Inhaber von:<\/strong><\/h3>\n\n\n\n<ul><li>Physio Consult\u00ae &#8211; Unternehmensberatung f\u00fcr Gesundheitsberufe<\/li><li>PhysioShop\u00ae &#8211; Webshop f\u00fcr Physiotherapie- und Sportbedarf<\/li><li>Theratrain\u00ae &#8211; Trainingstherapie mit dem Thera-Band<\/li><\/ul>\n","protected":false},"excerpt":{"rendered":"<p>Aktuelle berufliche T\u00e4tigkeiten: Heilpraktiker (seit 2014) Lehrbeauftragter an der Uni Erlangen (Massageschule, seit 1989) Lehrbeauftragter im Siemens Betriebssport Erlangen (seit 1990) Lehrbeauftragter bei der BG Elektro, Textil, Feinmechanik in Dresden (seit 2007) Beruflicher Werdegang: Heilpraktikerausbildung Medizinisches Tapen-Ausbildung Osteopathie-Ausbildung Neuraltherapie-Ausbildung Akupunktur-Ausbildung Sportlehrer (LA Gymnasien) und Sporttherapeut R\u00fcckenschulleiter, Osteoporosekursleiter Taijilehrer und Qi Gong Lehrer Therapeut f\u00fcr Medizinische [&hellip;]<\/p>\n","protected":false},"author":1,"featured_media":354,"parent":0,"menu_order":0,"comment_status":"closed","ping_status":"closed","template":"","meta":{"footnotes":""},"_links":{"self":[{"href":"https:\/\/www.emotion-gesundheitsworkshops.de\/wordpress\/wp-json\/wp\/v2\/pages\/40"}],"collection":[{"href":"https:\/\/www.emotion-gesundheitsworkshops.de\/wordpress\/wp-json\/wp\/v2\/pages"}],"about":[{"href":"https:\/\/www.emotion-gesundheitsworkshops.de\/wordpress\/wp-json\/wp\/v2\/types\/page"}],"author":[{"embeddable":true,"href":"https:\/\/www.emotion-gesundheitsworkshops.de\/wordpress\/wp-json\/wp\/v2\/users\/1"}],"replies":[{"embeddable":true,"href":"https:\/\/www.emotion-gesundheitsworkshops.de\/wordpress\/wp-json\/wp\/v2\/comments?post=40"}],"version-history":[{"count":14,"href":"https:\/\/www.emotion-gesundheitsworkshops.de\/wordpress\/wp-json\/wp\/v2\/pages\/40\/revisions"}],"predecessor-version":[{"id":206,"href":"https:\/\/www.emotion-gesundheitsworkshops.de\/wordpress\/wp-json\/wp\/v2\/pages\/40\/revisions\/206"}],"wp:featuredmedia":[{"embeddable":true,"href":"https:\/\/www.emotion-gesundheitsworkshops.de\/wordpress\/wp-json\/wp\/v2\/media\/354"}],"wp:attachment":[{"href":"https:\/\/www.emotion-gesundheitsworkshops.de\/wordpress\/wp-json\/wp\/v2\/media?parent=40"}],"curies":[{"name":"wp","href":"https:\/\/api.w.org\/{rel}","templated":true}]}}