{"id":2,"date":"2019-03-12T23:12:26","date_gmt":"2019-03-12T22:12:26","guid":{"rendered":"http:\/\/localhost\/wordpress\/?page_id=2"},"modified":"2019-11-14T10:18:17","modified_gmt":"2019-11-14T10:18:17","slug":"beispiel-seite","status":"publish","type":"page","link":"https:\/\/www.emotion-gesundheitsworkshops.de\/wordpress\/","title":{"rendered":""},"content":{"rendered":"\n<p><\/p>\n\n\n\n<p><\/p>\n\n\n\n<p><strong>Wilkommen bei EMOTION &#8211; mit Herz und Verstand bewegen!<\/strong> <\/p>\n\n\n\n<p>Lehrg\u00e4nge, Kurse, Workshops und Seminarangebote in: <\/p>\n\n\n\n<ul><li><strong>Karate<\/strong>-k\u00f6rpergerecht<\/li><li><strong>Taijiquan:<\/strong> Handformen, Taiji in Anwendung (Bunkai), Langstock, Kurzstock<\/li><li><strong>Qi Gong:<\/strong> unterschiedliche Themen, mit Medizinischem Qi Gong als Schwerpunkt<\/li><li><strong>R\u00fcckengesundheit: <\/strong>Seminare und R\u00fcckenschulkurse sowie R\u00fcckentraining<\/li><li><strong>Betriebliche Gesundheitsf\u00f6rderung <\/strong>BGF<\/li><li><strong>Betriebliches Gesundheitsmanagement<\/strong> BGM<\/li><li><strong>Sportlerberatung: <\/strong>Bewegungsanalyse und -optimierung zur Verletzungsvermeidung<\/li><\/ul>\n\n\n\n<p>In meiner Naturheilpraxis (<a rel=\"noreferrer noopener\" href=\"http:\/\/www.heilpraktiker-safr.de\/\" target=\"_blank\">www.heilpraktiker-safr.de<\/a>) biete ich dir eine passende Mischung aus: <\/p>\n\n\n\n<ul><li>Osteopathie<\/li><li>Neuraltherapie<\/li><li>Orthomolekulare Therapie<\/li><li>Akupunktur<\/li><li>diverse alte und neue Therapieverfahren der Naturheilkunde<\/li><li>Neuromuskul\u00e4re Therapie<\/li><li>Medizinisches Taping<\/li><li>Medizinische Trainingstherapie <\/li><li>Med. Qi Gong  <\/li><\/ul>\n","protected":false},"excerpt":{"rendered":"<p>Wilkommen bei EMOTION &#8211; mit Herz und Verstand bewegen! Lehrg\u00e4nge, Kurse, Workshops und Seminarangebote in: Karate-k\u00f6rpergerecht Taijiquan: Handformen, Taiji in Anwendung (Bunkai), Langstock, Kurzstock Qi Gong: unterschiedliche Themen, mit Medizinischem Qi Gong als Schwerpunkt R\u00fcckengesundheit: Seminare und R\u00fcckenschulkurse sowie R\u00fcckentraining Betriebliche Gesundheitsf\u00f6rderung BGF Betriebliches Gesundheitsmanagement BGM Sportlerberatung: Bewegungsanalyse und -optimierung zur Verletzungsvermeidung In meiner Naturheilpraxis [&hellip;]<\/p>\n","protected":false},"author":1,"featured_media":269,"parent":0,"menu_order":0,"comment_status":"closed","ping_status":"open","template":"","meta":{"footnotes":""},"_links":{"self":[{"href":"https:\/\/www.emotion-gesundheitsworkshops.de\/wordpress\/wp-json\/wp\/v2\/pages\/2"}],"collection":[{"href":"https:\/\/www.emotion-gesundheitsworkshops.de\/wordpress\/wp-json\/wp\/v2\/pages"}],"about":[{"href":"https:\/\/www.emotion-gesundheitsworkshops.de\/wordpress\/wp-json\/wp\/v2\/types\/page"}],"author":[{"embeddable":true,"href":"https:\/\/www.emotion-gesundheitsworkshops.de\/wordpress\/wp-json\/wp\/v2\/users\/1"}],"replies":[{"embeddable":true,"href":"https:\/\/www.emotion-gesundheitsworkshops.de\/wordpress\/wp-json\/wp\/v2\/comments?post=2"}],"version-history":[{"count":23,"href":"https:\/\/www.emotion-gesundheitsworkshops.de\/wordpress\/wp-json\/wp\/v2\/pages\/2\/revisions"}],"predecessor-version":[{"id":407,"href":"https:\/\/www.emotion-gesundheitsworkshops.de\/wordpress\/wp-json\/wp\/v2\/pages\/2\/revisions\/407"}],"wp:featuredmedia":[{"embeddable":true,"href":"https:\/\/www.emotion-gesundheitsworkshops.de\/wordpress\/wp-json\/wp\/v2\/media\/269"}],"wp:attachment":[{"href":"https:\/\/www.emotion-gesundheitsworkshops.de\/wordpress\/wp-json\/wp\/v2\/media?parent=2"}],"curies":[{"name":"wp","href":"https:\/\/api.w.org\/{rel}","templated":true}]}}