{"id":163,"date":"2019-07-11T22:27:02","date_gmt":"2019-07-11T20:27:02","guid":{"rendered":"https:\/\/batcave1.myqnapcloud.com:8081\/wordpress\/?page_id=163"},"modified":"2019-09-13T07:33:28","modified_gmt":"2019-09-13T07:33:28","slug":"taijiquan","status":"publish","type":"page","link":"https:\/\/www.emotion-gesundheitsworkshops.de\/wordpress\/taijiquan\/","title":{"rendered":"Taijiquan"},"content":{"rendered":"\n<div class=\"wp-block-columns has-2-columns is-layout-flex wp-container-3 wp-block-columns-is-layout-flex\">\n<div class=\"wp-block-column is-layout-flow wp-block-column-is-layout-flow\">\n<p><strong>Taijiquan &#8211; eine sanfte&nbsp;Kampfkunst<\/strong><\/p>\n\n\n\n<p>Ich unterrichte bei Siemens in Erlangen  <\/p>\n\n\n\n<ul><li><strong>Taijiquan mit Kurzstock<\/strong><br>donnerstags von 18.00 &#8211; 19.00 Uhr<br>(nur im Sommerhalbjahr)<\/li><li><strong>Push Hands<\/strong><br>donnerstags von 18.00 &#8211; 19.00 Uhr<br>(nur im Winterhalbjahr)<\/li><li><strong>die &#8222;Peking&#8220;-Form<\/strong><br>montags von 17.00 &#8211; 18.00 Uhr und<\/li><li><strong>die Langform des Yang-Stils<\/strong><br>mittwochs von 17.00 &#8211; 18.00 Uhr<\/li><\/ul>\n\n\n\n<div style=\"height:100px\" aria-hidden=\"true\" class=\"wp-block-spacer\"><\/div>\n\n\n\n<p><\/p>\n\n\n\n<p><\/p>\n\n\n\n<p><\/p>\n\n\n\n<p><\/p>\n<\/div>\n\n\n\n<div class=\"wp-block-column is-layout-flow wp-block-column-is-layout-flow\">\n<figure class=\"wp-block-image\"><img decoding=\"async\" loading=\"lazy\" width=\"358\" height=\"486\" src=\"https:\/\/www.emotion.info\/wordpress\/wp-content\/uploads\/2019\/09\/Taijiquan_Jan_Bunkai2.jpg\" alt=\"\" class=\"wp-image-310\" srcset=\"https:\/\/www.emotion-gesundheitsworkshops.de\/wordpress\/wp-content\/uploads\/2019\/09\/Taijiquan_Jan_Bunkai2.jpg 358w, https:\/\/www.emotion-gesundheitsworkshops.de\/wordpress\/wp-content\/uploads\/2019\/09\/Taijiquan_Jan_Bunkai2-221x300.jpg 221w\" sizes=\"(max-width: 358px) 100vw, 358px\" \/><\/figure>\n\n\n\n<p><\/p>\n<\/div>\n<\/div>\n\n\n\n<h3 class=\"wp-block-heading\"><strong> Kurzstock-Taiji Dao <\/strong><\/h3>\n\n\n\n<p>Die sanften, flie\u00dfenden, spiralf\u00f6rmigen Bewegungen wechseln mit dynamischen Bewegungssequenzen, \u00f6ffnen alle Energiestr\u00f6me des K\u00f6rpers gleicherma\u00dfen und entwickeln Sanftheit, Sensibilit\u00e4t, \u00e4u\u00dfere und innere St\u00e4rke. In dieser neueren Form des Taiji mit Kurzstock spiegeln sich die traditionellen Bewegungsk\u00fcnste Chinas (Baguazhang und Jingyiquan) wieder.<br>Es ist ein k\u00f6rpergerechtes Bewegungssystem basierend auf Erkenntnissen der Chinesischen Medizin, deren ausgesuchte Aspekte auch in den Unterricht einflie\u00dfen.<br>Die die Kampfkunst deutlicher betonende Variante des Kurzstocks ist Taiji Jan Dao.<\/p>\n\n\n\n<figure class=\"wp-block-video aligncenter\"><video controls muted src=\"https:\/\/www.emotion.info\/wordpress\/wp-content\/uploads\/2019\/09\/JanDao.mp4\"><\/video><\/figure>\n\n\n\n<div style=\"height:100px\" aria-hidden=\"true\" class=\"wp-block-spacer\"><\/div>\n\n\n\n<h3 class=\"wp-block-heading\"> <strong>&#8222;Peking&#8220; Form <\/strong><\/h3>\n\n\n\n<p>Sie ist die am meisten verbreitete Form des Yang Stils und stammt aus den 50er Jahren des 20. Jahrhunderts. Auf das Wesentliche (oder das, was das damalige &#8222;Kulturb\u00fcro&#8220; f\u00fcr wesentlich hielt) reduziert, ist sie einfach zu lernen und trotzdem reizvoll. Die spiralf\u00f6rmigen gro\u00dfen Bewegungen der Langform sind hier eher nur angedeutet, entspanntes, meditatives \u00dcben steht eher im Vordergrund.&nbsp;<br>Bei tieferem Kampfkunstverst\u00e4ndnis erschlie\u00dft sich auch hier so manches &#8222;Schmankerl&#8220;, so dass auch die eher anwendungsorientierten \u00dcbenden auch ihre Freude an dieser Form haben werden.<br><br>Derzeit unterrichte ich diese Form im Siemens Betriebssportzentrum in Erlangen, <br><strong>montags von 17:00 bis 18:00 Uhr<\/strong> <\/p>\n\n\n\n<p><\/p>\n\n\n\n<div style=\"height:100px\" aria-hidden=\"true\" class=\"wp-block-spacer\"><\/div>\n\n\n\n<p style=\"text-align:center\"> <strong>Videos zur Peking-Form: <\/strong><\/p>\n\n\n\n<div class=\"wp-block-columns has-2-columns is-layout-flex wp-container-6 wp-block-columns-is-layout-flex\">\n<div class=\"wp-block-column is-layout-flow wp-block-column-is-layout-flow\">\n<figure class=\"wp-block-video\"><video controls muted src=\"https:\/\/www.emotion.info\/wordpress\/wp-content\/uploads\/2019\/09\/Peking_frontal.mp4\"><\/video><\/figure>\n<\/div>\n\n\n\n<div class=\"wp-block-column is-layout-flow wp-block-column-is-layout-flow\">\n<figure class=\"wp-block-video\"><video controls muted src=\"https:\/\/www.emotion.info\/wordpress\/wp-content\/uploads\/2019\/09\/Peking_hinten.mp4\"><\/video><\/figure>\n<\/div>\n<\/div>\n\n\n\n<div class=\"wp-block-columns has-2-columns is-layout-flex wp-container-9 wp-block-columns-is-layout-flex\">\n<div class=\"wp-block-column is-layout-flow wp-block-column-is-layout-flow\">\n<div class=\"wp-block-button aligncenter\"><a class=\"wp-block-button__link has-text-color has-background\" target=\"_blank\" href=\"https:\/\/www.emotion.info\/downloads\/Videos\/Taijivideos\/Peking_frontal.avi\" style=\"background-color:#99cf00;color:#087e04\" rel=\"noopener noreferrer\">Download &#8222;Form Frontansicht&#8220;<\/a><\/div>\n\n\n\n<p><\/p>\n<\/div>\n\n\n\n<div class=\"wp-block-column is-layout-flow wp-block-column-is-layout-flow\">\n<div class=\"wp-block-button aligncenter\"><a class=\"wp-block-button__link has-text-color has-background\" target=\"_blank\" href=\"https:\/\/www.emotion.info\/downloads\/Videos\/Taijivideos\/Peking_hinten.avi\" style=\"background-color:#99cf00;color:#087e04\" rel=\"noopener noreferrer\">Download &#8222;Form R\u00fcckansicht&#8220;<\/a><\/div>\n\n\n\n<p><\/p>\n<\/div>\n<\/div>\n","protected":false},"excerpt":{"rendered":"<p>Taijiquan &#8211; eine sanfte&nbsp;Kampfkunst Ich unterrichte bei Siemens in Erlangen Taijiquan mit Kurzstockdonnerstags von 18.00 &#8211; 19.00 Uhr(nur im Sommerhalbjahr) Push Handsdonnerstags von 18.00 &#8211; 19.00 Uhr(nur im Winterhalbjahr) die &#8222;Peking&#8220;-Formmontags von 17.00 &#8211; 18.00 Uhr und die Langform des Yang-Stilsmittwochs von 17.00 &#8211; 18.00 Uhr Kurzstock-Taiji Dao Die sanften, flie\u00dfenden, spiralf\u00f6rmigen Bewegungen wechseln mit [&hellip;]<\/p>\n","protected":false},"author":1,"featured_media":303,"parent":0,"menu_order":0,"comment_status":"closed","ping_status":"closed","template":"","meta":{"footnotes":""},"_links":{"self":[{"href":"https:\/\/www.emotion-gesundheitsworkshops.de\/wordpress\/wp-json\/wp\/v2\/pages\/163"}],"collection":[{"href":"https:\/\/www.emotion-gesundheitsworkshops.de\/wordpress\/wp-json\/wp\/v2\/pages"}],"about":[{"href":"https:\/\/www.emotion-gesundheitsworkshops.de\/wordpress\/wp-json\/wp\/v2\/types\/page"}],"author":[{"embeddable":true,"href":"https:\/\/www.emotion-gesundheitsworkshops.de\/wordpress\/wp-json\/wp\/v2\/users\/1"}],"replies":[{"embeddable":true,"href":"https:\/\/www.emotion-gesundheitsworkshops.de\/wordpress\/wp-json\/wp\/v2\/comments?post=163"}],"version-history":[{"count":35,"href":"https:\/\/www.emotion-gesundheitsworkshops.de\/wordpress\/wp-json\/wp\/v2\/pages\/163\/revisions"}],"predecessor-version":[{"id":401,"href":"https:\/\/www.emotion-gesundheitsworkshops.de\/wordpress\/wp-json\/wp\/v2\/pages\/163\/revisions\/401"}],"wp:featuredmedia":[{"embeddable":true,"href":"https:\/\/www.emotion-gesundheitsworkshops.de\/wordpress\/wp-json\/wp\/v2\/media\/303"}],"wp:attachment":[{"href":"https:\/\/www.emotion-gesundheitsworkshops.de\/wordpress\/wp-json\/wp\/v2\/media?parent=163"}],"curies":[{"name":"wp","href":"https:\/\/api.w.org\/{rel}","templated":true}]}}